{"id":1656,"date":"2025-10-16T07:53:54","date_gmt":"2025-10-16T07:53:54","guid":{"rendered":"http:\/\/foldana.hu\/ingatlankezeles\/?page_id=77"},"modified":"2025-11-03T10:00:35","modified_gmt":"2025-11-03T09:00:35","slug":"rolunk","status":"publish","type":"page","link":"https:\/\/foldana.hu\/ingatlankezeles\/rolunk\/","title":{"rendered":"R\u00f3lunk"},"content":{"rendered":"<h3><a title=\"C\u00e9gismertet\u0151\" href=\"https:\/\/foldana.hu\/ingatlankezeles\/cegismerteto\/\">C\u00e9gismertet\u0151<\/a><\/h3>\n<h3><a title=\"Munkat\u00e1rsaink\" href=\"https:\/\/foldana.hu\/ingatlankezeles\/munkatrsaink\/\">Munkat\u00e1rsaink<\/a><\/h3>\n<h3><a title=\"\u00c1raink\" href=\"https:\/\/foldana.hu\/ingatlankezeles\/arajanlat\/\">\u00c1raink<\/a><\/h3>\n<h3><a title=\"El\u00e9rhet\u0151s\u00e9geink\" href=\"https:\/\/foldana.hu\/ingatlankezeles\/elerhetosegeink\/\">El\u00e9rhet\u0151s\u00e9geink<\/a><\/h3>\n\n\n<p><\/p>\n","protected":false},"excerpt":{"rendered":"<p>C\u00e9gismertet\u0151 Munkat\u00e1rsaink \u00c1raink El\u00e9rhet\u0151s\u00e9geink<\/p>\n","protected":false},"author":1,"featured_media":0,"parent":0,"menu_order":0,"comment_status":"closed","ping_status":"closed","template":"","meta":{"footnotes":""},"class_list":["post-1656","page","type-page","status-publish","hentry"],"_links":{"self":[{"href":"https:\/\/foldana.hu\/ingatlankezeles\/wp-json\/wp\/v2\/pages\/1656","targetHints":{"allow":["GET"]}}],"collection":[{"href":"https:\/\/foldana.hu\/ingatlankezeles\/wp-json\/wp\/v2\/pages"}],"about":[{"href":"https:\/\/foldana.hu\/ingatlankezeles\/wp-json\/wp\/v2\/types\/page"}],"author":[{"embeddable":true,"href":"https:\/\/foldana.hu\/ingatlankezeles\/wp-json\/wp\/v2\/users\/1"}],"replies":[{"embeddable":true,"href":"https:\/\/foldana.hu\/ingatlankezeles\/wp-json\/wp\/v2\/comments?post=1656"}],"version-history":[{"count":2,"href":"https:\/\/foldana.hu\/ingatlankezeles\/wp-json\/wp\/v2\/pages\/1656\/revisions"}],"predecessor-version":[{"id":1905,"href":"https:\/\/foldana.hu\/ingatlankezeles\/wp-json\/wp\/v2\/pages\/1656\/revisions\/1905"}],"wp:attachment":[{"href":"https:\/\/foldana.hu\/ingatlankezeles\/wp-json\/wp\/v2\/media?parent=1656"}],"curies":[{"name":"wp","href":"https:\/\/api.w.org\/{rel}","templated":true}]}}