{"id":1657,"date":"2025-10-16T07:53:54","date_gmt":"2025-10-16T07:53:54","guid":{"rendered":"http:\/\/foldana.hu\/ingatlankezeles\/?page_id=2"},"modified":"2025-11-01T12:43:30","modified_gmt":"2025-11-01T11:43:30","slug":"cegismerteto","status":"publish","type":"page","link":"https:\/\/foldana.hu\/ingatlankezeles\/cegismerteto\/","title":{"rendered":"C\u00e9gismertet\u0151"},"content":{"rendered":"<p><html><body><\/p>\n<div>\n<div class=\"post-2 page type-page status-publish hentry\" id=\"post-2\">\n<div class=\"entry\">\n<p>A Foldana Kft. 2008. janu\u00e1r 1-\u00e9n alakult meg budapesti sz\u00e9khellyel, mag\u00e1nbefektet\u0151i, magyar tulajdonosi k\u00f6rrel. Jelenleg 33.000.000.- forintos jegyzett t\u0151k\u00e9vel rendelkezik. Egyik f\u0151 tev\u00e9kenys\u00e9gi k\u00f6re az ingatlankezel\u00e9s, ezen bel\u00fcl a t\u00e1rsash\u00e1zkezel\u00e9sre specializ\u00e1l\u00f3dott.<\/p>\n<p>A mindennapi tev\u00e9kenys\u00e9g\u00e9t saj\u00e1t jogi el\u0151ad\u00f3val, k\u00f6nyvel\u0151vel, m\u0171szaki \u00fcgyint\u00e9z\u0151vel l\u00e1tja el. Szolg\u00e1ltat\u00e1sunk min\u0151s\u00e9g\u00e9t garant\u00e1lja, hogy munkat\u00e1rsaink rendelkeznek a tev\u00e9kenys\u00e9g\u00fck v\u00e9gz\u00e9s\u00e9re feljogos\u00edt\u00f3 szakk\u00e9pes\u00edt\u00e9ssel.<\/p>\n<p>Szakmai felk\u00e9sz\u00fclts\u00e9g\u00fcnket nagyban seg\u00edti, hogy c\u00e9g\u00fcnk tagja a Magyar T\u00e1rsash\u00e1zkezel\u0151k Orsz\u00e1gos Szakmai Sz\u00f6vets\u00e9g\u00e9nek.<\/p>\n<p>T\u00e1rsas\u00e1gunk t\u00e1rsash\u00e1zkezel\u0151i tev\u00e9kenys\u00e9g\u00e9t az ingatlan v\u00e1llalkoz\u00e1s fel\u00fcgyeleti hat\u00f3s\u00e1gi jogk\u00f6rt ell\u00e1t\u00f3 Budapest XIII. ker\u00fcleti Jegyz\u0151je a XIII\/47\/2010\/TG sz\u00e1mon vette nyilv\u00e1ntart\u00e1sba.<\/p>\n<p>A Foldana Kft. a Generali-Providencia Biztos\u00edt\u00f3 Zrt. -n\u00e9l 15.000.000.-ft-ig terjed\u0151 felel\u0151ss\u00e9gbiztos\u00edt\u00e1ssal rendelkezik.<\/p>\n<p>Sz\u00e9khely\u00fcnk a 1135 Budapest, J\u00e1sz u. 66\/B. c\u00edmen tal\u00e1lhat\u00f3, ahol \u00fcgyf\u00e9lszolg\u00e1latunk k\u00e9szs\u00e9ggel v\u00e1rja \u00fcgyfeleinket h\u00e9tf\u0151n 8-18 \u00f3ra, szerd\u00e1n 8-12 \u00f3ra, \u00e9s p\u00e9nteken 8-12 \u00f3ra k\u00f6z\u00f6tt.<\/p>\n<p>Let\u00f6lthet\u0151 dokumentumok:<\/p>\n<p class=\"clearboth\">\n<\/div>\n<\/div>\n<\/div>\n<p><\/body><\/html><\/p>\n","protected":false},"excerpt":{"rendered":"<p>A Foldana Kft. 2008. janu\u00e1r 1-\u00e9n alakult meg budapesti sz\u00e9khellyel, mag\u00e1nbefektet\u0151i, magyar tulajdonosi k\u00f6rrel. Jelenleg 33.000.000.- forintos jegyzett t\u0151k\u00e9vel rendelkezik. Egyik f\u0151 tev\u00e9kenys\u00e9gi k\u00f6re az ingatlankezel\u00e9s, ezen bel\u00fcl a t\u00e1rsash\u00e1zkezel\u00e9sre specializ\u00e1l\u00f3dott. A mindennapi tev\u00e9kenys\u00e9g\u00e9t saj\u00e1t jogi el\u0151ad\u00f3val, k\u00f6nyvel\u0151vel, m\u0171szaki \u00fcgyint\u00e9z\u0151vel l\u00e1tja el. Szolg\u00e1ltat\u00e1sunk min\u0151s\u00e9g\u00e9t garant\u00e1lja, hogy munkat\u00e1rsaink rendelkeznek a tev\u00e9kenys\u00e9g\u00fck v\u00e9gz\u00e9s\u00e9re feljogos\u00edt\u00f3 szakk\u00e9pes\u00edt\u00e9ssel. Szakmai felk\u00e9sz\u00fclts\u00e9g\u00fcnket [&hellip;]<\/p>\n","protected":false},"author":1,"featured_media":0,"parent":0,"menu_order":0,"comment_status":"closed","ping_status":"closed","template":"","meta":{"footnotes":""},"class_list":["post-1657","page","type-page","status-publish","hentry"],"_links":{"self":[{"href":"https:\/\/foldana.hu\/ingatlankezeles\/wp-json\/wp\/v2\/pages\/1657","targetHints":{"allow":["GET"]}}],"collection":[{"href":"https:\/\/foldana.hu\/ingatlankezeles\/wp-json\/wp\/v2\/pages"}],"about":[{"href":"https:\/\/foldana.hu\/ingatlankezeles\/wp-json\/wp\/v2\/types\/page"}],"author":[{"embeddable":true,"href":"https:\/\/foldana.hu\/ingatlankezeles\/wp-json\/wp\/v2\/users\/1"}],"replies":[{"embeddable":true,"href":"https:\/\/foldana.hu\/ingatlankezeles\/wp-json\/wp\/v2\/comments?post=1657"}],"version-history":[{"count":1,"href":"https:\/\/foldana.hu\/ingatlankezeles\/wp-json\/wp\/v2\/pages\/1657\/revisions"}],"predecessor-version":[{"id":1901,"href":"https:\/\/foldana.hu\/ingatlankezeles\/wp-json\/wp\/v2\/pages\/1657\/revisions\/1901"}],"wp:attachment":[{"href":"https:\/\/foldana.hu\/ingatlankezeles\/wp-json\/wp\/v2\/media?parent=1657"}],"curies":[{"name":"wp","href":"https:\/\/api.w.org\/{rel}","templated":true}]}}