{"id":1660,"date":"2025-10-16T07:53:54","date_gmt":"2025-10-16T07:53:54","guid":{"rendered":"http:\/\/foldana.hu\/ingatlankezeles\/?page_id=132"},"modified":"2025-11-01T12:43:15","modified_gmt":"2025-11-01T11:43:15","slug":"elerhetosegeink","status":"publish","type":"page","link":"https:\/\/foldana.hu\/ingatlankezeles\/elerhetosegeink\/","title":{"rendered":"El\u00e9rhet\u0151s\u00e9geink"},"content":{"rendered":"<p><html><body><\/p>\n<div>\n<div class=\"post-132 page type-page status-publish hentry\" id=\"post-132\">\n<div class=\"entry\">\n<h4><strong><strong>Foldana Ingatlan- \u00e9s K\u00f6vetel\u00e9skezel\u0151<\/strong> Korl\u00e1tolt Felel\u0151ss\u00e9g\u0171 T\u00e1rsas\u00e1g<\/strong><\/h4>\n<p>1135 Budapest, J\u00e1sz u. 66\/B.<\/p>\n<p><strong>Tel:<\/strong> 06-1-786-04-02<br \/>\n<strong>Fax:<\/strong> 06-1-786-04-03<br \/>\n<strong>S\u00fcrg\u0151s hibabejelent\u00e9s eset\u00e9n k\u00e9rj\u00fck h\u00edvja a t\u00e1rsash\u00e1z hirdet\u0151t\u00e1bl\u00e1j\u00e1n kihelyezett t\u00e1rsash\u00e1zkezel\u0151 sz\u00e1m\u00e1t, vagy a 24 \u00f3r\u00e1s hibabejelent\u0151 r\u00f6gz\u00edt\u0151t:<\/strong> 06-20-45-96-997<br \/>\n<strong>E-mail \u2013 \u00e1ltal\u00e1nos:<\/strong> foldana.kft@gmail.com<br \/>\n<strong>E-mail \u2013 \u00f3ra\u00e1ll\u00e1s:<\/strong> oraallas@foldana.hu<\/p>\n<p><strong>\u00dcgyf\u00e9lfogad\u00e1s:<\/strong><br \/>\nh\u00e9tf\u0151 \u2013 8-18h<br \/>\nszerda \u2013 8-12h<br \/>\np\u00e9ntek \u2013 8-12h<br \/>\nA fenti id\u0151pontokon t\u00falmen\u0151en telefonon egyedileg egyeztetett id\u0151pontban lehet \u00fcgyet int\u00e9zni.<\/p>\n<\/p>\n<p class=\"clearboth\">\n<\/div>\n<\/div>\n<\/div>\n<p><\/body><\/html><\/p>\n","protected":false},"excerpt":{"rendered":"<p>Foldana Ingatlan- \u00e9s K\u00f6vetel\u00e9skezel\u0151 Korl\u00e1tolt Felel\u0151ss\u00e9g\u0171 T\u00e1rsas\u00e1g 1135 Budapest, J\u00e1sz u. 66\/B. Tel: 06-1-786-04-02 Fax: 06-1-786-04-03 S\u00fcrg\u0151s hibabejelent\u00e9s eset\u00e9n k\u00e9rj\u00fck h\u00edvja a t\u00e1rsash\u00e1z hirdet\u0151t\u00e1bl\u00e1j\u00e1n kihelyezett t\u00e1rsash\u00e1zkezel\u0151 sz\u00e1m\u00e1t, vagy a 24 \u00f3r\u00e1s hibabejelent\u0151 r\u00f6gz\u00edt\u0151t: 06-20-45-96-997 E-mail \u2013 \u00e1ltal\u00e1nos: foldana.kft@gmail.com E-mail \u2013 \u00f3ra\u00e1ll\u00e1s: oraallas@foldana.hu \u00dcgyf\u00e9lfogad\u00e1s: h\u00e9tf\u0151 \u2013 8-18h szerda \u2013 8-12h p\u00e9ntek \u2013 8-12h A fenti id\u0151pontokon [&hellip;]<\/p>\n","protected":false},"author":1,"featured_media":0,"parent":0,"menu_order":0,"comment_status":"closed","ping_status":"closed","template":"","meta":{"footnotes":""},"class_list":["post-1660","page","type-page","status-publish","hentry"],"_links":{"self":[{"href":"https:\/\/foldana.hu\/ingatlankezeles\/wp-json\/wp\/v2\/pages\/1660","targetHints":{"allow":["GET"]}}],"collection":[{"href":"https:\/\/foldana.hu\/ingatlankezeles\/wp-json\/wp\/v2\/pages"}],"about":[{"href":"https:\/\/foldana.hu\/ingatlankezeles\/wp-json\/wp\/v2\/types\/page"}],"author":[{"embeddable":true,"href":"https:\/\/foldana.hu\/ingatlankezeles\/wp-json\/wp\/v2\/users\/1"}],"replies":[{"embeddable":true,"href":"https:\/\/foldana.hu\/ingatlankezeles\/wp-json\/wp\/v2\/comments?post=1660"}],"version-history":[{"count":1,"href":"https:\/\/foldana.hu\/ingatlankezeles\/wp-json\/wp\/v2\/pages\/1660\/revisions"}],"predecessor-version":[{"id":1735,"href":"https:\/\/foldana.hu\/ingatlankezeles\/wp-json\/wp\/v2\/pages\/1660\/revisions\/1735"}],"wp:attachment":[{"href":"https:\/\/foldana.hu\/ingatlankezeles\/wp-json\/wp\/v2\/media?parent=1660"}],"curies":[{"name":"wp","href":"https:\/\/api.w.org\/{rel}","templated":true}]}}