{"id":1661,"date":"2025-10-16T07:53:54","date_gmt":"2025-10-16T07:53:54","guid":{"rendered":"http:\/\/foldana.hu\/ingatlankezeles\/?page_id=60"},"modified":"2025-11-03T10:03:18","modified_gmt":"2025-11-03T09:03:18","slug":"tevkenysgek","status":"publish","type":"page","link":"https:\/\/foldana.hu\/ingatlankezeles\/tevkenysgek\/","title":{"rendered":"Tev\u00e9kenys\u00e9gek"},"content":{"rendered":"\n<h3 class=\"wp-block-heading\"><a href=\"https:\/\/foldana.hu\/ingatlankezeles\/trsashzkezels\/\" data-type=\"page\" data-id=\"1662\">T\u00e1rsash\u00e1zkezel\u00e9s<\/a><\/h3>\n\n\n\n<h3 class=\"wp-block-heading\"><a href=\"https:\/\/foldana.hu\/ingatlankezeles\/foldana-koveteleskezeles\/\" data-type=\"page\" data-id=\"1677\">K\u00f6vetel\u00e9skezel\u00e9s<\/a><\/h3>\n\n\n\n<h3 class=\"wp-block-heading\"><a href=\"https:\/\/foldana.hu\/ingatlankezeles\/jogi-tevekenyseg\/\" data-type=\"page\" data-id=\"1663\">Jogi tev\u00e9kenys\u00e9g<\/a><\/h3>\n\n\n\n<h3 class=\"wp-block-heading\"><a href=\"https:\/\/foldana.hu\/ingatlankezeles\/biztostaskozvetites\/\" data-type=\"page\" data-id=\"1664\">Biztos\u00edt\u00e1sk\u00f6zvet\u00edt\u00e9s<\/a><\/h3>\n\n\n\n<h3 class=\"wp-block-heading\"><a href=\"https:\/\/foldana.hu\/ingatlankezeles\/specilis-szolgltatsok\/\" data-type=\"page\" data-id=\"1665\">Speci\u00e1lis szolg\u00e1ltat\u00e1sok<\/a><\/h3>\n","protected":false},"excerpt":{"rendered":"<p>T\u00e1rsash\u00e1zkezel\u00e9s K\u00f6vetel\u00e9skezel\u00e9s Jogi tev\u00e9kenys\u00e9g Biztos\u00edt\u00e1sk\u00f6zvet\u00edt\u00e9s Speci\u00e1lis szolg\u00e1ltat\u00e1sok<\/p>\n","protected":false},"author":1,"featured_media":0,"parent":0,"menu_order":0,"comment_status":"closed","ping_status":"closed","template":"","meta":{"footnotes":""},"class_list":["post-1661","page","type-page","status-publish","hentry"],"_links":{"self":[{"href":"https:\/\/foldana.hu\/ingatlankezeles\/wp-json\/wp\/v2\/pages\/1661","targetHints":{"allow":["GET"]}}],"collection":[{"href":"https:\/\/foldana.hu\/ingatlankezeles\/wp-json\/wp\/v2\/pages"}],"about":[{"href":"https:\/\/foldana.hu\/ingatlankezeles\/wp-json\/wp\/v2\/types\/page"}],"author":[{"embeddable":true,"href":"https:\/\/foldana.hu\/ingatlankezeles\/wp-json\/wp\/v2\/users\/1"}],"replies":[{"embeddable":true,"href":"https:\/\/foldana.hu\/ingatlankezeles\/wp-json\/wp\/v2\/comments?post=1661"}],"version-history":[{"count":1,"href":"https:\/\/foldana.hu\/ingatlankezeles\/wp-json\/wp\/v2\/pages\/1661\/revisions"}],"predecessor-version":[{"id":1907,"href":"https:\/\/foldana.hu\/ingatlankezeles\/wp-json\/wp\/v2\/pages\/1661\/revisions\/1907"}],"wp:attachment":[{"href":"https:\/\/foldana.hu\/ingatlankezeles\/wp-json\/wp\/v2\/media?parent=1661"}],"curies":[{"name":"wp","href":"https:\/\/api.w.org\/{rel}","templated":true}]}}