{"id":1663,"date":"2025-10-16T07:53:54","date_gmt":"2025-10-16T07:53:54","guid":{"rendered":"http:\/\/foldana.hu\/ingatlankezeles\/?page_id=21"},"modified":"2025-11-01T12:42:03","modified_gmt":"2025-11-01T11:42:03","slug":"jogi-tevekenyseg","status":"publish","type":"page","link":"https:\/\/foldana.hu\/ingatlankezeles\/jogi-tevekenyseg\/","title":{"rendered":"Jogi tev\u00e9kenys\u00e9g"},"content":{"rendered":"<p><html><body><\/p>\n<div>\n<div class=\"post-21 page type-page status-publish hentry\" id=\"post-21\">\n<div class=\"entry\">\n<p>A t\u00e1rsash\u00e1zak jogi \u00fcgyeinek vitel\u00e9t saj\u00e1t jogi oszt\u00e1lyunk \u00e1ltal, illetve speci\u00e1lis esetekben partner \u00fcgyv\u00e9di irod\u00e1k bevon\u00e1s\u00e1val v\u00e9gezz\u00fck.<\/p>\n<h4><strong><em>Jogi szolg\u00e1ltat\u00e1saink:<\/em><\/strong><\/h4>\n<ul>\n<li><strong>elj\u00e1r\u00e1s a h\u00e1tral\u00e9kos tulajdonosokkal szemben<\/strong>\n<ul>\n<li>fizet\u00e9si felsz\u00f3l\u00edt\u00e1sok kibocs\u00e1t\u00e1sa<\/li>\n<li>fizet\u00e9si meghagy\u00e1s kibocs\u00e1t\u00e1s\u00e1nak int\u00e9z\u00e9se a MOKK rendszer\u00e9n kereszt\u00fcl<\/li>\n<li>v\u00e9grehajt\u00e1s elrendel\u00e9s\u00e9nek \u00fcgyint\u00e9z\u00e9se, valamint a v\u00e9grehajt\u00e1si elj\u00e1r\u00e1s sor\u00e1n a T\u00e1rsash\u00e1zak teljes k\u00f6r\u0171 k\u00e9pviselete<\/li>\n<\/ul>\n<\/li>\n<li>a k\u00f6z\u00f6ss\u00e9g k\u00e9pviselet\u00e9nek ell\u00e1t\u00e1sa b\u00edr\u00f3s\u00e1g \u00e9s m\u00e1s hat\u00f3s\u00e1g el\u0151tt<\/li>\n<li>a t\u00f6rv\u00e9nyess\u00e9g betart\u00e1sa \u00e9s betartat\u00e1sa<\/li>\n<li>a szervezeti\u2013m\u0171k\u00f6d\u00e9si szab\u00e1lyzat javaslat\u00e1nak kidolgoz\u00e1sa<\/li>\n<li>a h\u00e1zirend javaslat\u00e1nak kidolgoz\u00e1sa<\/li>\n<li>munkaszerz\u0151d\u00e9sek megk\u00f6t\u00e9se, munk\u00e1ltat\u00f3i jogok gyakorl\u00e1sa<\/li>\n<li>megb\u00edz\u00e1si, v\u00e1llalkoz\u00e1si szerz\u0151d\u00e9sek k\u00f6t\u00e9se<\/li>\n<li>b\u00e9rleti szerz\u0151d\u00e9sek k\u00f6t\u00e9se, b\u00e9rbead\u00f3i jogok gyakorl\u00e1sa<\/li>\n<li>j\u00f3t\u00e1ll\u00e1si, szavatoss\u00e1gi jogok \u00e9rv\u00e9nyes\u00edt\u00e9se<\/li>\n<li>elj\u00e1r\u00e1s a tulajdon v\u00e9delme, birtokh\u00e1bor\u00edt\u00e1sa \u00fcgy\u00e9ben<\/li>\n<li>jelz\u00e1logjog bejegyeztet\u00e9se, nyilv\u00e1ntart\u00e1sa, t\u00f6rl\u00e9se<\/li>\n<\/ul>\n<p class=\"clearboth\">\n<\/div>\n<\/div>\n<\/div>\n<p><\/body><\/html><\/p>\n","protected":false},"excerpt":{"rendered":"<p>A t\u00e1rsash\u00e1zak jogi \u00fcgyeinek vitel\u00e9t saj\u00e1t jogi oszt\u00e1lyunk \u00e1ltal, illetve speci\u00e1lis esetekben partner \u00fcgyv\u00e9di irod\u00e1k bevon\u00e1s\u00e1val v\u00e9gezz\u00fck. Jogi szolg\u00e1ltat\u00e1saink: elj\u00e1r\u00e1s a h\u00e1tral\u00e9kos tulajdonosokkal szemben fizet\u00e9si felsz\u00f3l\u00edt\u00e1sok kibocs\u00e1t\u00e1sa fizet\u00e9si meghagy\u00e1s kibocs\u00e1t\u00e1s\u00e1nak int\u00e9z\u00e9se a MOKK rendszer\u00e9n kereszt\u00fcl v\u00e9grehajt\u00e1s elrendel\u00e9s\u00e9nek \u00fcgyint\u00e9z\u00e9se, valamint a v\u00e9grehajt\u00e1si elj\u00e1r\u00e1s sor\u00e1n a T\u00e1rsash\u00e1zak teljes k\u00f6r\u0171 k\u00e9pviselete a k\u00f6z\u00f6ss\u00e9g k\u00e9pviselet\u00e9nek ell\u00e1t\u00e1sa b\u00edr\u00f3s\u00e1g \u00e9s m\u00e1s [&hellip;]<\/p>\n","protected":false},"author":1,"featured_media":0,"parent":0,"menu_order":0,"comment_status":"closed","ping_status":"closed","template":"","meta":{"footnotes":""},"class_list":["post-1663","page","type-page","status-publish","hentry"],"_links":{"self":[{"href":"https:\/\/foldana.hu\/ingatlankezeles\/wp-json\/wp\/v2\/pages\/1663","targetHints":{"allow":["GET"]}}],"collection":[{"href":"https:\/\/foldana.hu\/ingatlankezeles\/wp-json\/wp\/v2\/pages"}],"about":[{"href":"https:\/\/foldana.hu\/ingatlankezeles\/wp-json\/wp\/v2\/types\/page"}],"author":[{"embeddable":true,"href":"https:\/\/foldana.hu\/ingatlankezeles\/wp-json\/wp\/v2\/users\/1"}],"replies":[{"embeddable":true,"href":"https:\/\/foldana.hu\/ingatlankezeles\/wp-json\/wp\/v2\/comments?post=1663"}],"version-history":[{"count":1,"href":"https:\/\/foldana.hu\/ingatlankezeles\/wp-json\/wp\/v2\/pages\/1663\/revisions"}],"predecessor-version":[{"id":1897,"href":"https:\/\/foldana.hu\/ingatlankezeles\/wp-json\/wp\/v2\/pages\/1663\/revisions\/1897"}],"wp:attachment":[{"href":"https:\/\/foldana.hu\/ingatlankezeles\/wp-json\/wp\/v2\/media?parent=1663"}],"curies":[{"name":"wp","href":"https:\/\/api.w.org\/{rel}","templated":true}]}}