{"id":1664,"date":"2025-10-16T07:53:54","date_gmt":"2025-10-16T07:53:54","guid":{"rendered":"http:\/\/foldana.hu\/ingatlankezeles\/?page_id=23"},"modified":"2025-11-01T12:43:42","modified_gmt":"2025-11-01T11:43:42","slug":"biztostaskozvetites","status":"publish","type":"page","link":"https:\/\/foldana.hu\/ingatlankezeles\/biztostaskozvetites\/","title":{"rendered":"Biztos\u00edt\u00e1sk\u00f6zvet\u00edt\u00e9s"},"content":{"rendered":"<p><html><body><\/p>\n<div>\n<div class=\"entry\">\n<p>A Foldana Kft. a t\u00e1rsash\u00e1zkezel\u00e9s ter\u00fclet\u00e9n szerzett tapasztalatai alapj\u00e1n az \u00e9p\u00fcletbiztos\u00edt\u00e1s megk\u00f6t\u00e9s\u00e9re a t\u00e1rsash\u00e1zak sz\u00e1m\u00e1ra a Generali-Providencia Biztos\u00edt\u00f3 Zrt.-t aj\u00e1nlja.<\/p>\n<p>A k\u00e9t c\u00e9g k\u00f6z\u00f6tt l\u00e9trej\u00f6tt szerz\u0151d\u00e9ses kapcsolat lehet\u0151s\u00e9get biztos\u00edt arra, hogy a t\u00e1rsash\u00e1zak kedvezm\u00e9nyes d\u00edj ellen\u00e9ben vegy\u00e9k ig\u00e9nybe a biztos\u00edt\u00f3 al\u00e1bbi szolg\u00e1ltat\u00e1sait.<\/p>\n<p>Az \u00e1ltalunk aj\u00e1nlott biztos\u00edt\u00e1s fedezete a k\u00f6z\u00f6s tulajdon\u00fa \u00e9p\u00fcletr\u00e9szeken k\u00edv\u00fcl a mag\u00e1ntulajdon\u00fa lak\u00e1sokra is kiterjed az al\u00e1bbiak szerint (a teljess\u00e9g ig\u00e9nye n\u00e9lk\u00fcl):<\/p>\n<ul>\n<li>Elemi k\u00e1rok:<\/li>\n<ul>\n<li>T\u0171z, j\u00e9gver\u00e9s, f\u00f6ldcsuszaml\u00e1s, f\u00f6ldreng\u00e9s, \u00e1rv\u00edz, felh\u0151szakad\u00e1s<\/li>\n<\/ul>\n<li>Be\u00e1z\u00e1s, cs\u0151t\u00f6r\u00e9s<\/li>\n<li>M\u00e9lygar\u00e1zsban t\u00e1rolt g\u00e9pj\u00e1rm\u0171ben t\u0171z \u00e9s v\u00edz \u00e1ltal okozott k\u00e1rok<\/li>\n<li>\u00dcvegk\u00e1rok<\/li>\n<li>Mestervonal-24:<\/li>\n<ul>\n<li>Cs\u0151t\u00f6r\u00e9s, dugul\u00e1s, \u00fcvegk\u00e1r eset\u00e9n a biztos\u00edt\u00f3 szakembereket k\u00fcld ki a nap 24 \u00f3r\u00e1j\u00e1ban a gyors hibaelh\u00e1r\u00edt\u00e1s v\u00e9gett<\/li>\n<\/ul>\n<li>Felel\u0151ss\u00e9gbiztos\u00edt\u00e1s:<\/li>\n<ul>\n<li>A T\u00e1rsash\u00e1z lak\u00f3i \u00e1ltal a lak\u00e1s haszn\u00e1latb\u00f3l fakad\u00f3, egym\u00e1snak \u00e9s m\u00e1soknak okozott k\u00e1rokat t\u00e9r\u00edti<\/li>\n<\/ul>\n<\/ul>\n<p>A fentiek alapj\u00e1n a tulajdonost\u00e1rsaknak <strong>nem sz\u00fcks\u00e9ges k\u00fcl\u00f6n \u00e9p\u00fcletbiztos\u00edt\u00e1ssal rendelkeznie<\/strong> a saj\u00e1t lak\u00e1sukra vonatkoz\u00f3lag, hiszen ezen k\u00f6lts\u00e9get <strong>a k\u00f6z\u00f6s k\u00f6lts\u00e9gben megfizetik<\/strong>. Amennyiben valamely tulajdonost\u00e1rs m\u00e1r rendelkezik megl\u00e9v\u0151 \u00e9p\u00fcletbiztos\u00edt\u00e1ssal, azt ildomos megsz\u00fcntetnie, mivel a Polg\u00e1ri T\u00f6rv\u00e9nyk\u00f6nyv kiz\u00e1rja a kett\u0151s vagyonbiztos\u00edt\u00e1s lehet\u0151s\u00e9g\u00e9t. \u00cdgy elegend\u0151 csup\u00e1n ing\u00f3s\u00e1gbiztos\u00edt\u00e1ssal rendelkeznie.<\/p>\n<p><strong>Mi a teend\u0151je annak, aki jelenleg rendelkezik saj\u00e1t lak\u00e1sbiztos\u00edt\u00e1ssal?<\/strong><\/p>\n<p>Amennyiben megb\u00edz\u00e1st ad t\u00e1rsas\u00e1gunk r\u00e9sz\u00e9re, akkor a megl\u00e9v\u0151 egy\u00e9ni \u00e9p\u00fcletbiztos\u00edt\u00e1s\u00e1t megsz\u00fcntetj\u00fck \u00e9s a kett\u0151s biztos\u00edt\u00e1s id\u0151tartama alatt befizetett d\u00edjakat a tulajdonost\u00e1rs r\u00e9sz\u00e9re visszaig\u00e9nyelj\u00fck.<\/p>\n<p><strong>Mi a teend\u0151je annak, aki a lak\u00e1sv\u00e1s\u00e1rl\u00e1shoz hitelt k\u00edv\u00e1n ig\u00e9nybe venni?<\/strong><\/p>\n<p>Szint\u00fagy v\u00e1llaljuk, hogy a t\u00e1rsash\u00e1zi biztos\u00edt\u00e1si k\u00f6tv\u00e9nyre r\u00e1jegyeztetj\u00fck a tulajdonos bankja r\u00e9sz\u00e9re sz\u00f3l\u00f3 engedm\u00e9nyez\u00e9st, \u00edgy a hitelszerz\u0151d\u00e9shez nem kell k\u00fcl\u00f6n egy\u00e9ni \u00e9p\u00fcletbiztos\u00edt\u00e1st k\u00f6tni.<\/p>\n<p><strong>Mi a teend\u0151je annak, aki szeretne ing\u00f3s\u00e1g biztos\u00edt\u00e1st k\u00f6tni?<\/strong><\/p>\n<p>A Foldana Kft. a Generali-Providencia Biztos\u00edt\u00f3 Zrt.-vel k\u00f6t\u00f6tt szerz\u0151d\u00e9se alapj\u00e1n lehet\u0151s\u00e9get biztos\u00edt arra, hogy a t\u00e1rsash\u00e1zi \u00e9p\u00fcletbiztos\u00edt\u00e1s mell\u00e9 igen kedvezm\u00e9nyes ing\u00f3s\u00e1g biztos\u00edt\u00e1st k\u00f6thessenek a tulajdonost\u00e1rsak.<\/p>\n<p><strong>Mikor \u00e9s hol lehet biztos\u00edt\u00e1si \u00fcgyeket int\u00e9zni n\u00e1lunk?<\/strong><\/p>\n<p>Munkaid\u0151ben az irod\u00e1nkban el\u0151re egyeztetett id\u0151pontban.<\/p>\n<p><strong>Milyen iratokat, dokumentumokat kell mag\u00e1val hoznia a biztos\u00edt\u00e1s megk\u00f6t\u00e9s\u00e9hez?<\/strong><\/p>\n<p>Ha rendelkezik megl\u00e9v\u0151 \u00e9p\u00fcletbiztos\u00edt\u00e1ssal, akkor annak k\u00f6tv\u00e9ny\u00e9t. Ha hitelt vett fel a lak\u00e1sv\u00e1s\u00e1rl\u00e1shoz, akkor a k\u00f6lcs\u00f6nszerz\u0151d\u00e9st. Minden esetben sz\u00fcks\u00e9ges hoznia a szem\u00e9lyi igazolv\u00e1ny\u00e1t \u00e9s lakc\u00edmk\u00e1rty\u00e1j\u00e1t. Ha m\u00e1s nev\u00e9ben j\u00e1r el, akkor teljes bizony\u00edt\u00f3 erej\u0171 mag\u00e1nokiratba foglalt meghatalmaz\u00e1st (saj\u00e1tkez\u0171leg \u00edrt, vagy k\u00e9t tan\u00fa el\u0151tt al\u00e1\u00edrt, stb.)<\/p>\n<p class=\"clearboth\">\n<\/div>\n<\/div>\n<p><\/body><\/html><\/p>\n","protected":false},"excerpt":{"rendered":"<p>A Foldana Kft. a t\u00e1rsash\u00e1zkezel\u00e9s ter\u00fclet\u00e9n szerzett tapasztalatai alapj\u00e1n az \u00e9p\u00fcletbiztos\u00edt\u00e1s megk\u00f6t\u00e9s\u00e9re a t\u00e1rsash\u00e1zak sz\u00e1m\u00e1ra a Generali-Providencia Biztos\u00edt\u00f3 Zrt.-t aj\u00e1nlja. A k\u00e9t c\u00e9g k\u00f6z\u00f6tt l\u00e9trej\u00f6tt szerz\u0151d\u00e9ses kapcsolat lehet\u0151s\u00e9get biztos\u00edt arra, hogy a t\u00e1rsash\u00e1zak kedvezm\u00e9nyes d\u00edj ellen\u00e9ben vegy\u00e9k ig\u00e9nybe a biztos\u00edt\u00f3 al\u00e1bbi szolg\u00e1ltat\u00e1sait. Az \u00e1ltalunk aj\u00e1nlott biztos\u00edt\u00e1s fedezete a k\u00f6z\u00f6s tulajdon\u00fa \u00e9p\u00fcletr\u00e9szeken k\u00edv\u00fcl a mag\u00e1ntulajdon\u00fa lak\u00e1sokra [&hellip;]<\/p>\n","protected":false},"author":1,"featured_media":0,"parent":0,"menu_order":0,"comment_status":"closed","ping_status":"closed","template":"","meta":{"footnotes":""},"class_list":["post-1664","page","type-page","status-publish","hentry"],"_links":{"self":[{"href":"https:\/\/foldana.hu\/ingatlankezeles\/wp-json\/wp\/v2\/pages\/1664","targetHints":{"allow":["GET"]}}],"collection":[{"href":"https:\/\/foldana.hu\/ingatlankezeles\/wp-json\/wp\/v2\/pages"}],"about":[{"href":"https:\/\/foldana.hu\/ingatlankezeles\/wp-json\/wp\/v2\/types\/page"}],"author":[{"embeddable":true,"href":"https:\/\/foldana.hu\/ingatlankezeles\/wp-json\/wp\/v2\/users\/1"}],"replies":[{"embeddable":true,"href":"https:\/\/foldana.hu\/ingatlankezeles\/wp-json\/wp\/v2\/comments?post=1664"}],"version-history":[{"count":1,"href":"https:\/\/foldana.hu\/ingatlankezeles\/wp-json\/wp\/v2\/pages\/1664\/revisions"}],"predecessor-version":[{"id":1902,"href":"https:\/\/foldana.hu\/ingatlankezeles\/wp-json\/wp\/v2\/pages\/1664\/revisions\/1902"}],"wp:attachment":[{"href":"https:\/\/foldana.hu\/ingatlankezeles\/wp-json\/wp\/v2\/media?parent=1664"}],"curies":[{"name":"wp","href":"https:\/\/api.w.org\/{rel}","templated":true}]}}