{"id":1665,"date":"2025-10-16T07:53:54","date_gmt":"2025-10-16T07:53:54","guid":{"rendered":"http:\/\/foldana.hu\/ingatlankezeles\/?page_id=27"},"modified":"2025-10-16T07:53:54","modified_gmt":"2025-10-16T07:53:54","slug":"specilis-szolgltatsok","status":"publish","type":"page","link":"https:\/\/foldana.hu\/ingatlankezeles\/specilis-szolgltatsok\/","title":{"rendered":"Speci\u00e1lis szolg\u00e1ltat\u00e1sok"},"content":{"rendered":"<p><html><body><\/p>\n<div>\n<div class=\"post-27 page type-page status-publish hentry\" id=\"post-27\">\n<div class=\"entry\">\n<h4><em><strong>Fizet\u00e9si k\u00f6telezetts\u00e9gek k\u00f6zl\u00e9se a tulajdonost\u00e1rsak r\u00e9sz\u00e9re:<\/strong><\/em><\/h4>\n<p>A teljes ingatlankezel\u00e9si, nyilv\u00e1ntart\u00e1si \u00e9s \u00fcgykezel\u00e9si rendszer\u00fcnket egy speci\u00e1lisan erre a ter\u00fcletre kifejlesztett sz\u00e1m\u00edt\u00f3g\u00e9pes szoftvercsomag seg\u00edts\u00e9g\u00e9vel l\u00e1tjuk el. Ez teszi lehet\u0151v\u00e9, hogy t\u00e9teles elsz\u00e1mol\u00e1sban k\u00f6z\u00f6lj\u00fck a lak\u00f3kkal a k\u00f6telezetts\u00e9geket, valamint hogy k\u00f6vetni tudjuk a teljes\u00edtett befizet\u00e9seket, \u00e9s a keletkezett tartoz\u00e1sokat.<\/p>\n<p>T\u00e1rsash\u00e1zkezel\u0151 szoftver\u00fcnk seg\u00edts\u00e9g\u00e9vel <strong>sz\u00e1mlalev\u00e9l form\u00e1tum\u00fa csekkes \u00e9rtes\u00edt\u0151t k\u00fcld\u00fcnk<\/strong> mindazon tulajdonost\u00e1rsak r\u00e9sz\u00e9re, akik ezt ig\u00e9nylik. Az automatikusan kit\u00f6lt\u00f6tt csekk let\u00e9p\u00e9se ut\u00e1n m\u00e1r csak el kell menni a post\u00e1ra, befizetni az \u00f6sszeget. Az elj\u00e1r\u00e1s ugyanaz, mintha egy k\u00f6zm\u0171-, vagy telefonsz\u00e1ml\u00e1t fizetne be.<\/p>\n<p>Tov\u00e1bb\u00e1 a Foldana Kft. saj\u00e1t fejleszt\u00e9sben l\u00e9trehozott egy olyan <strong>automatikus email-\u00e9rtes\u00edt\u0151 rendszert<\/strong>, amely seg\u00edts\u00e9g\u00e9vel a k\u00f6zpontif\u0171t\u00e9ses, havi fogyaszt\u00e1s-elsz\u00e1mol\u00e1s\u00fa t\u00e1rsash\u00e1zak \u00f6sszes emailc\u00edmmel rendelkez\u0151 tulajdost\u00e1rsa minden h\u00f3napban emailben is megkapja a befizetend\u0151 k\u00f6z\u00f6s k\u00f6lts\u00e9get \u00e9s a fogyaszt\u00e1si d\u00edjakat t\u00e1bl\u00e1zatos form\u00e1ban (<em><a href=\"https:\/\/foldana.hu\/ingatlankezeles\/minta_havi_kozlo.html\" target=\"_blank\" title=\"el\u0151ir\u00e1nyzat k\u00f6zl\u0151t itt tekinthet meg\">el\u0151ir\u00e1nyzat k\u00f6zl\u0151t itt tekinthet meg<\/a>)<\/em>.<\/p>\n<p>A k\u00f6zl\u0151 a fentieken k\u00edv\u00fcl tartalmazza m\u00e9g a legutols\u00f3 lez\u00e1rt k\u00f6nyvel\u00e9s\u0171 d\u00e1tum szerinti egyenleg \u00f6sszeg\u00e9t is. Ilyen m\u00f3don a tulajdonost\u00e1rsak minden h\u00f3napban \u00e9rtes\u00fclnek az esetlegesen fenn\u00e1ll\u00f3 tartoz\u00e1sukr\u00f3l is.<\/p>\n<p><em><a href=\"https:\/\/foldana.hu\/ingatlankezeles\/minta_egyenleg_kozlo.html\" target=\"_blank\" title=\"T\u00e9teles egyenleg-kimutat\u00e1st\">T\u00e9teles egyenleg-kimutat\u00e1st<\/a><\/em> ig\u00e9ny eset\u00e9n a megadott email c\u00edmekre f\u00e9l\u00e9vente megk\u00fcldj\u00fck.<\/p>\n<p class=\"clearboth\">\n<\/div>\n<\/div>\n<\/div>\n<p><\/body><\/html><\/p>\n","protected":false},"excerpt":{"rendered":"<p>Fizet\u00e9si k\u00f6telezetts\u00e9gek k\u00f6zl\u00e9se a tulajdonost\u00e1rsak r\u00e9sz\u00e9re: A teljes ingatlankezel\u00e9si, nyilv\u00e1ntart\u00e1si \u00e9s \u00fcgykezel\u00e9si rendszer\u00fcnket egy speci\u00e1lisan erre a ter\u00fcletre kifejlesztett sz\u00e1m\u00edt\u00f3g\u00e9pes szoftvercsomag seg\u00edts\u00e9g\u00e9vel l\u00e1tjuk el. Ez teszi lehet\u0151v\u00e9, hogy t\u00e9teles elsz\u00e1mol\u00e1sban k\u00f6z\u00f6lj\u00fck a lak\u00f3kkal a k\u00f6telezetts\u00e9geket, valamint hogy k\u00f6vetni tudjuk a teljes\u00edtett befizet\u00e9seket, \u00e9s a keletkezett tartoz\u00e1sokat. T\u00e1rsash\u00e1zkezel\u0151 szoftver\u00fcnk seg\u00edts\u00e9g\u00e9vel sz\u00e1mlalev\u00e9l form\u00e1tum\u00fa csekkes \u00e9rtes\u00edt\u0151t k\u00fcld\u00fcnk mindazon [&hellip;]<\/p>\n","protected":false},"author":1,"featured_media":0,"parent":0,"menu_order":0,"comment_status":"closed","ping_status":"closed","template":"","meta":{"footnotes":""},"class_list":["post-1665","page","type-page","status-publish","hentry"],"_links":{"self":[{"href":"https:\/\/foldana.hu\/ingatlankezeles\/wp-json\/wp\/v2\/pages\/1665","targetHints":{"allow":["GET"]}}],"collection":[{"href":"https:\/\/foldana.hu\/ingatlankezeles\/wp-json\/wp\/v2\/pages"}],"about":[{"href":"https:\/\/foldana.hu\/ingatlankezeles\/wp-json\/wp\/v2\/types\/page"}],"author":[{"embeddable":true,"href":"https:\/\/foldana.hu\/ingatlankezeles\/wp-json\/wp\/v2\/users\/1"}],"replies":[{"embeddable":true,"href":"https:\/\/foldana.hu\/ingatlankezeles\/wp-json\/wp\/v2\/comments?post=1665"}],"version-history":[{"count":0,"href":"https:\/\/foldana.hu\/ingatlankezeles\/wp-json\/wp\/v2\/pages\/1665\/revisions"}],"wp:attachment":[{"href":"https:\/\/foldana.hu\/ingatlankezeles\/wp-json\/wp\/v2\/media?parent=1665"}],"curies":[{"name":"wp","href":"https:\/\/api.w.org\/{rel}","templated":true}]}}