{"id":1667,"date":"2025-10-16T07:53:54","date_gmt":"2025-10-16T07:53:54","guid":{"rendered":"http:\/\/foldana.hu\/ingatlankezeles\/?page_id=190"},"modified":"2025-11-03T10:24:53","modified_gmt":"2025-11-03T09:24:53","slug":"arajanlat","status":"publish","type":"page","link":"https:\/\/foldana.hu\/ingatlankezeles\/arajanlat\/","title":{"rendered":"\u00c1raj\u00e1nlat"},"content":{"rendered":"<p><html><body><\/p>\n<div>\n<div class=\"post-190 page type-page status-publish hentry\" id=\"post-190\">\n<div class=\"entry\">\n<p>A T\u00e1rsash\u00e1z r\u00e9sz\u00e9re testreszabott \u00e1raj\u00e1nlatot k\u00fcld\u00fcnk, amennyiben az al\u00e1bbi \u0171rlapot kit\u00f6lti \u00e9s elk\u00fcldi.<\/p>\n<p class=\"clearboth\">\n<\/div>\n<\/div>\n<\/div>\n<p><\/body><\/html><\/p>\n\n<style id=\"wpforms-css-vars-1919-block-4c0d4d7f-f4f4-410d-bee9-403fe3992c89\">\n\t\t\t\t#wpforms-1919.wpforms-block-4c0d4d7f-f4f4-410d-bee9-403fe3992c89 {\n\t\t\t\t--wpforms-field-size-input-height: 43px;\n--wpforms-field-size-input-spacing: 15px;\n--wpforms-field-size-font-size: 16px;\n--wpforms-field-size-line-height: 19px;\n--wpforms-field-size-padding-h: 14px;\n--wpforms-field-size-checkbox-size: 16px;\n--wpforms-field-size-sublabel-spacing: 5px;\n--wpforms-field-size-icon-size: 1;\n--wpforms-label-size-font-size: 16px;\n--wpforms-label-size-line-height: 19px;\n--wpforms-label-size-sublabel-font-size: 14px;\n--wpforms-label-size-sublabel-line-height: 17px;\n--wpforms-button-size-font-size: 17px;\n--wpforms-button-size-height: 41px;\n--wpforms-button-size-padding-h: 15px;\n--wpforms-button-size-margin-top: 10px;\n\t\t\t}\n\t\t\t<\/style><div class=\"wpforms-container wpforms-container-full wpforms-block wpforms-block-4c0d4d7f-f4f4-410d-bee9-403fe3992c89 wpforms-render-modern\" id=\"wpforms-1919\"><form id=\"wpforms-form-1919\" class=\"wpforms-validate wpforms-form wpforms-ajax-form\" data-formid=\"1919\" method=\"post\" enctype=\"multipart\/form-data\" action=\"\/ingatlankezeles\/wp-json\/wp\/v2\/pages\/1667\" data-token=\"8d93858138a39c7c51080fc739a1f551\" data-token-time=\"1778679298\"><noscript class=\"wpforms-error-noscript\">Please enable JavaScript in your browser to complete this form.<\/noscript><div id=\"wpforms-error-noscript\" style=\"display: none;\">Please enable JavaScript in your browser to complete this form.<\/div><div class=\"wpforms-field-container\"><div id=\"wpforms-1919-field_1-container\" class=\"wpforms-field wpforms-field-text\" data-field-id=\"1\"><label class=\"wpforms-field-label\" for=\"wpforms-1919-field_1\">T\u00e1rsash\u00e1z neve<\/label><input type=\"text\" id=\"wpforms-1919-field_1\" class=\"wpforms-field-medium\" name=\"wpforms[fields][1]\" aria-errormessage=\"wpforms-1919-field_1-error\" ><\/div><div id=\"wpforms-1919-field_2-container\" class=\"wpforms-field wpforms-field-select wpforms-field-select-style-classic\" data-field-id=\"2\"><label class=\"wpforms-field-label\" for=\"wpforms-1919-field_2\">T\u00e1rsash\u00e1z elhelyezked\u00e9se<\/label><select id=\"wpforms-1919-field_2\" class=\"wpforms-field-medium\" name=\"wpforms[fields][2]\"><option value=\"Budapest\"  selected='selected' class=\"choice-1 depth-1\"  >Budapest<\/option><\/select><\/div><div id=\"wpforms-1919-field_3-container\" class=\"wpforms-field wpforms-field-select wpforms-field-select-style-classic\" data-field-id=\"3\"><label class=\"wpforms-field-label\" for=\"wpforms-1919-field_3\">Ker\u00fclet<\/label><select id=\"wpforms-1919-field_3\" class=\"wpforms-field-medium\" name=\"wpforms[fields][3]\"><option value=\"I.\"  class=\"choice-1 depth-1\"  >I.<\/option><option value=\"II.\"  class=\"choice-2 depth-1\"  >II.<\/option><option value=\"III.\"  class=\"choice-3 depth-1\"  >III.<\/option><option value=\"IV.\"  class=\"choice-4 depth-1\"  >IV.<\/option><option value=\"V.\"  class=\"choice-5 depth-1\"  >V.<\/option><option value=\"VI.\"  class=\"choice-6 depth-1\"  >VI.<\/option><option value=\"VII.\"  class=\"choice-7 depth-1\"  >VII.<\/option><option value=\"VIII.\"  class=\"choice-8 depth-1\"  >VIII.<\/option><option value=\"IX.\"  class=\"choice-9 depth-1\"  >IX.<\/option><option value=\"X.\"  class=\"choice-10 depth-1\"  >X.<\/option><option value=\"XI.\"  class=\"choice-11 depth-1\"  >XI.<\/option><option value=\"XII.\"  class=\"choice-12 depth-1\"  >XII.<\/option><option value=\"XIII.\"  class=\"choice-13 depth-1\"  >XIII.<\/option><option value=\"XIV.\"  class=\"choice-14 depth-1\"  >XIV.<\/option><option value=\"XV.\"  class=\"choice-15 depth-1\"  >XV.<\/option><option value=\"XVI.\"  class=\"choice-16 depth-1\"  >XVI.<\/option><option value=\"XVII.\"  class=\"choice-17 depth-1\"  >XVII.<\/option><option value=\"XVIII.\"  class=\"choice-18 depth-1\"  >XVIII.<\/option><option value=\"XIX.\"  class=\"choice-19 depth-1\"  >XIX.<\/option><option value=\"XX.\"  class=\"choice-20 depth-1\"  >XX.<\/option><option value=\"XXI.\"  class=\"choice-21 depth-1\"  >XXI.<\/option><option value=\"XXII.\"  class=\"choice-22 depth-1\"  >XXII.<\/option><option value=\"XXIII.\"  class=\"choice-23 depth-1\"  >XXIII.<\/option><\/select><\/div><div id=\"wpforms-1919-field_4-container\" class=\"wpforms-field wpforms-field-text\" data-field-id=\"4\"><label class=\"wpforms-field-label\" for=\"wpforms-1919-field_4\">T\u00e1rsash\u00e1z c\u00edme<\/label><input type=\"text\" id=\"wpforms-1919-field_4\" class=\"wpforms-field-medium\" name=\"wpforms[fields][4]\" aria-errormessage=\"wpforms-1919-field_4-error\" ><\/div><div id=\"wpforms-1919-field_5-container\" class=\"wpforms-field wpforms-field-text\" data-field-id=\"5\"><label class=\"wpforms-field-label\" for=\"wpforms-1919-field_5\">Albet\u00e9tek\/lak\u00e1sok sz\u00e1ma<\/label><input type=\"text\" id=\"wpforms-1919-field_5\" class=\"wpforms-field-medium\" name=\"wpforms[fields][5]\" aria-errormessage=\"wpforms-1919-field_5-error\" ><\/div>\t\t<div id=\"wpforms-1919-field_10-container\"\n\t\t\tclass=\"wpforms-field wpforms-field-text\"\n\t\t\tdata-field-type=\"text\"\n\t\t\tdata-field-id=\"10\"\n\t\t\t>\n\t\t\t<label class=\"wpforms-field-label\" for=\"wpforms-1919-field_10\" >\u00e9ve sz\u00e1ma elhelyezked\u00e9se<\/label>\n\t\t\t<input type=\"text\" id=\"wpforms-1919-field_10\" class=\"wpforms-field-medium\" name=\"wpforms[fields][10]\" >\n\t\t<\/div>\n\t\t<div id=\"wpforms-1919-field_6-container\" class=\"wpforms-field wpforms-field-text\" data-field-id=\"6\"><label class=\"wpforms-field-label\" for=\"wpforms-1919-field_6\">F\u0171t\u00e9s<\/label><input type=\"text\" id=\"wpforms-1919-field_6\" class=\"wpforms-field-medium\" name=\"wpforms[fields][6]\" aria-errormessage=\"wpforms-1919-field_6-error\" ><\/div><div id=\"wpforms-1919-field_7-container\" class=\"wpforms-field wpforms-field-text\" data-field-id=\"7\"><label class=\"wpforms-field-label\" for=\"wpforms-1919-field_7\">\u00c9p\u00edt\u00e9s \u00e9ve<\/label><input type=\"text\" id=\"wpforms-1919-field_7\" class=\"wpforms-field-medium\" name=\"wpforms[fields][7]\" aria-errormessage=\"wpforms-1919-field_7-error\" ><\/div><div id=\"wpforms-1919-field_8-container\" class=\"wpforms-field wpforms-field-text\" data-field-id=\"8\"><label class=\"wpforms-field-label\" for=\"wpforms-1919-field_8\">N\u00e9v <span class=\"wpforms-required-label\" aria-hidden=\"true\">*<\/span><\/label><input type=\"text\" id=\"wpforms-1919-field_8\" class=\"wpforms-field-medium wpforms-field-required\" name=\"wpforms[fields][8]\" aria-errormessage=\"wpforms-1919-field_8-error\" required><\/div><div id=\"wpforms-1919-field_9-container\" class=\"wpforms-field wpforms-field-text\" data-field-id=\"9\"><label class=\"wpforms-field-label\" for=\"wpforms-1919-field_9\">Telefonsz\u00e1m<\/label><input type=\"text\" id=\"wpforms-1919-field_9\" class=\"wpforms-field-medium\" name=\"wpforms[fields][9]\" aria-errormessage=\"wpforms-1919-field_9-error\" ><\/div><div id=\"wpforms-1919-field_11-container\" class=\"wpforms-field wpforms-field-email\" data-field-id=\"11\"><label class=\"wpforms-field-label\" for=\"wpforms-1919-field_11\">Email <span class=\"wpforms-required-label\" aria-hidden=\"true\">*<\/span><\/label><input type=\"email\" id=\"wpforms-1919-field_11\" class=\"wpforms-field-medium wpforms-field-required\" name=\"wpforms[fields][11]\" spellcheck=\"false\" aria-errormessage=\"wpforms-1919-field_11-error\" required><\/div><div id=\"wpforms-1919-field_12-container\" class=\"wpforms-field wpforms-field-textarea\" data-field-id=\"12\"><label class=\"wpforms-field-label\" for=\"wpforms-1919-field_12\">\u00dczenet<\/label><textarea id=\"wpforms-1919-field_12\" class=\"wpforms-field-medium\" name=\"wpforms[fields][12]\" aria-errormessage=\"wpforms-1919-field_12-error\" ><\/textarea><\/div><script>\n\t\t\t\t( function() {\n\t\t\t\t\tconst style = document.createElement( 'style' );\n\t\t\t\t\tstyle.appendChild( document.createTextNode( '#wpforms-1919-field_10-container { position: absolute !important; overflow: hidden !important; display: inline !important; height: 1px !important; width: 1px !important; z-index: -1000 !important; padding: 0 !important; } #wpforms-1919-field_10-container input { visibility: hidden; } #wpforms-conversational-form-page #wpforms-1919-field_10-container label { counter-increment: none; }' ) );\n\t\t\t\t\tdocument.head.appendChild( style );\n\t\t\t\t\tdocument.currentScript?.remove();\n\t\t\t\t} )();\n\t\t\t<\/script><\/div><!-- .wpforms-field-container --><div class=\"wpforms-recaptcha-container wpforms-is-recaptcha wpforms-is-recaptcha-type-v3\" ><input type=\"hidden\" name=\"wpforms[recaptcha]\" value=\"\"><\/div><div class=\"wpforms-submit-container\" ><input type=\"hidden\" name=\"wpforms[id]\" value=\"1919\"><input type=\"hidden\" name=\"page_title\" value=\"\"><input type=\"hidden\" name=\"page_url\" value=\"https:\/\/foldana.hu\/ingatlankezeles\/wp-json\/wp\/v2\/pages\/1667\"><input type=\"hidden\" name=\"url_referer\" value=\"\"><button type=\"submit\" name=\"wpforms[submit]\" id=\"wpforms-submit-1919\" class=\"wpforms-submit\" data-alt-text=\"K\u00fcld\u00e9s alatt...\" data-submit-text=\"K\u00fcld\u00e9s\" aria-live=\"assertive\" value=\"wpforms-submit\">K\u00fcld\u00e9s<\/button><img decoding=\"async\" src=\"https:\/\/foldana.hu\/ingatlankezeles\/wp-content\/plugins\/wpforms-lite\/assets\/images\/submit-spin.svg\" class=\"wpforms-submit-spinner\" style=\"display: none;\" width=\"26\" height=\"26\" alt=\"Loading\"><\/div><\/form><\/div>  <!-- .wpforms-container -->","protected":false},"excerpt":{"rendered":"<p>A T\u00e1rsash\u00e1z r\u00e9sz\u00e9re testreszabott \u00e1raj\u00e1nlatot k\u00fcld\u00fcnk, amennyiben az al\u00e1bbi \u0171rlapot kit\u00f6lti \u00e9s elk\u00fcldi.<\/p>\n","protected":false},"author":1,"featured_media":0,"parent":0,"menu_order":0,"comment_status":"closed","ping_status":"closed","template":"","meta":{"footnotes":""},"class_list":["post-1667","page","type-page","status-publish","hentry"],"_links":{"self":[{"href":"https:\/\/foldana.hu\/ingatlankezeles\/wp-json\/wp\/v2\/pages\/1667","targetHints":{"allow":["GET"]}}],"collection":[{"href":"https:\/\/foldana.hu\/ingatlankezeles\/wp-json\/wp\/v2\/pages"}],"about":[{"href":"https:\/\/foldana.hu\/ingatlankezeles\/wp-json\/wp\/v2\/types\/page"}],"author":[{"embeddable":true,"href":"https:\/\/foldana.hu\/ingatlankezeles\/wp-json\/wp\/v2\/users\/1"}],"replies":[{"embeddable":true,"href":"https:\/\/foldana.hu\/ingatlankezeles\/wp-json\/wp\/v2\/comments?post=1667"}],"version-history":[{"count":2,"href":"https:\/\/foldana.hu\/ingatlankezeles\/wp-json\/wp\/v2\/pages\/1667\/revisions"}],"predecessor-version":[{"id":1925,"href":"https:\/\/foldana.hu\/ingatlankezeles\/wp-json\/wp\/v2\/pages\/1667\/revisions\/1925"}],"wp:attachment":[{"href":"https:\/\/foldana.hu\/ingatlankezeles\/wp-json\/wp\/v2\/media?parent=1667"}],"curies":[{"name":"wp","href":"https:\/\/api.w.org\/{rel}","templated":true}]}}